{"id":14,"date":"2017-04-24T09:28:44","date_gmt":"2017-04-24T07:28:44","guid":{"rendered":"http:\/\/design.siegfried-scania.de\/?page_id=14"},"modified":"2020-06-22T11:17:38","modified_gmt":"2020-06-22T11:17:38","slug":"unser-service-fuer-ihre-mobilitaet","status":"publish","type":"page","link":"https:\/\/siegfriedundsohn.de\/?page_id=14","title":{"rendered":"Unser Service f\u00fcr Ihre Mobilit\u00e4t"},"content":{"rendered":"<p style=\"text-align: left;\">\n<h3 style=\"text-align: left;\"><span style=\"color: #000080;\"><strong>Reparaturen und Serviceleistungen<\/strong><\/span><\/h3>\n<ul>\n<li style=\"text-align: left;\">Reparatur u. Wartung an LKW, Anh\u00e4ngern, Auflieger und Kleintransporter<\/li>\n<li style=\"text-align: left;\">Um und Ausbauten von Aufbauten z.b. Alt auf Neufahrzeug, Spezialaufbauten<\/li>\n<li style=\"text-align: left;\">Einbau von Kompressoren und Hydraulikanlagen<\/li>\n<li>Instandsetzung von Unfallsch\u00e4den (LKW, Anh\u00e4nger, Auflieger)Reifenservice<\/li>\n<li>Planen Service<\/li>\n<li>Ersatzteilverkauf<\/li>\n<li>Bremsen Service<\/li>\n<li>Klima Service<\/li>\n<li>Einbau und \u00dcberpr\u00fcfung von Tachographen (Digital, Analog)<\/li>\n<li>Mautsystem Toll Collect Service<\/li>\n<li>Achsvermessung an Lkw, Anh\u00e4nger, Auflieger und Kleintransporter<\/li>\n<li>Einbau von Feuerwehr Digitalfunkger\u00e4ten MRT bzw. HRT<\/li>\n<li>Auslesen und Instandsetzung Anh\u00e4nger und Auflieger ABS, EBS, ECAS, ODR usw. (WABCO, Knorr, Haldex)<\/li>\n<\/ul>\n<h3 style=\"text-align: left;\"><span style=\"color: #000080;\"><strong>Gesetzliche Pr\u00fcfungen<\/strong><\/span><\/h3>\n<ul>\n<li style=\"text-align: left;\">Anerkannter Pr\u00fcfst\u00fctzpunkt f\u00fcr \u00a729 StVZO HU, SP<\/li>\n<li style=\"text-align: left;\">Durchf\u00fchrung der Hauptuntersuchung nach \u00a729StVZO (Dekra, K\u00fcs, T\u00fcv Rheinland)<\/li>\n<li style=\"text-align: left;\">Durchf\u00fchrung der Sicherheitspr\u00fcfung nach \u00a729 StVZO<\/li>\n<li style=\"text-align: left;\">Durchf\u00fchrung der Abgasuntersuchung nach \u00a747 StVZO<\/li>\n<li style=\"text-align: left;\">Durchf\u00fchrung der Tachopr\u00fcfung Digital und Analog nach \u00a757 b<\/li>\n<li style=\"text-align: left;\">Durchf\u00fchrung der Geschwindigkeit-Begrenzer-Pr\u00fcfung nach \u00a757 d<\/li>\n<li style=\"text-align: left;\">Durchf\u00fchrung der UVV Pr\u00fcfung Ladebordwand, Kran, Absetzer\/Abroller usw.<\/li>\n<li style=\"text-align: left;\">Durchf\u00fchrung der Ladungssicherungs Pr\u00fcfung VDI 2700, XL<\/li>\n<\/ul>\n<p style=\"text-align: left;\">\n<h3 style=\"text-align: left;\"><strong><span style=\"color: #000080;\">Sonstiger Service<\/span><\/strong><\/h3>\n<ul>\n<li style=\"text-align: left;\">24 Stunden Notrufservice (Servicewagen mit Reifenmontiermaschine)<\/li>\n<li style=\"text-align: left;\">Abschleppservice mit Firmeneigenen LKW und Tieflader<\/li>\n<li style=\"text-align: left;\">Leihzugmaschine<\/li>\n<li style=\"text-align: left;\">M\u00f6glichkeit zur Dachenteisung<\/li>\n<li style=\"text-align: left;\">\u00dcbernachtungsm\u00f6glichkeit im Fahrerraum (mit Dusche und WC)<\/li>\n<li style=\"text-align: left;\">Schulungsraum nach RP Vorschriften<\/li>\n<li style=\"text-align: left;\">Leih-PKW\u2019s<\/li>\n<li style=\"text-align: left;\">Dos Zertifiziert<\/li>\n<\/ul>\n<p style=\"text-align: left;\">\n<h3 style=\"text-align: left;\"><span style=\"color: #000080;\"><strong>Service Partner<\/strong><\/span><\/h3>\n<p><a href=\"https:\/\/www.toll-collect.de\/de\" target=\"_blank\" rel=\"noopener noreferrer\"><img decoding=\"async\" class=\"wp-image-71 alignleft\" src=\"https:\/\/siegfried-scania.de\/wp-content\/uploads\/2017\/04\/tollcollect.png\" alt=\"\" width=\"67\" height=\"30\" \/><\/a><a href=\"https:\/\/www.bpw.de\/index.html\" target=\"_blank\" rel=\"noopener noreferrer\"><img decoding=\"async\" class=\"wp-image-68 alignleft\" src=\"https:\/\/siegfried-scania.de\/wp-content\/uploads\/2017\/04\/BPW.jpg\" alt=\"\" width=\"49\" height=\"30\" srcset=\"https:\/\/siegfriedundsohn.de\/wp-content\/uploads\/2017\/04\/BPW.jpg 213w, https:\/\/siegfriedundsohn.de\/wp-content\/uploads\/2017\/04\/BPW-80x50.jpg 80w\" sizes=\"(max-width: 49px) 100vw, 49px\" \/><\/a><a href=\"https:\/\/www.wabco-auto.com\/wabco\/\" target=\"_blank\" rel=\"noopener noreferrer\"><img decoding=\"async\" class=\"wp-image-72 alignleft\" src=\"https:\/\/siegfried-scania.de\/wp-content\/uploads\/2017\/04\/wabco-300x52.png\" alt=\"\" width=\"172\" height=\"30\" srcset=\"https:\/\/siegfriedundsohn.de\/wp-content\/uploads\/2017\/04\/wabco-300x52.png 300w, https:\/\/siegfriedundsohn.de\/wp-content\/uploads\/2017\/04\/wabco.png 686w\" sizes=\"(max-width: 172px) 100vw, 172px\" \/><\/a><a href=\"https:\/\/www.cargobull.com\/de\/\" target=\"_blank\" rel=\"noopener noreferrer\"><img loading=\"lazy\" decoding=\"async\" class=\"wp-image-70 alignleft\" src=\"https:\/\/siegfried-scania.de\/wp-content\/uploads\/2017\/04\/scb-servpartn-dt_RGB-300x104.jpg\" alt=\"\" width=\"86\" height=\"30\" srcset=\"https:\/\/siegfriedundsohn.de\/wp-content\/uploads\/2017\/04\/scb-servpartn-dt_RGB-300x104.jpg 300w, https:\/\/siegfriedundsohn.de\/wp-content\/uploads\/2017\/04\/scb-servpartn-dt_RGB.jpg 425w\" sizes=\"(max-width: 86px) 100vw, 86px\" \/><\/a><a href=\"https:\/\/safholland.com\/de\" target=\"_blank\" rel=\"noopener noreferrer\"><img loading=\"lazy\" decoding=\"async\" class=\"wp-image-69 alignleft\" src=\"https:\/\/siegfried-scania.de\/wp-content\/uploads\/2017\/04\/safholland-300x50.png\" alt=\"\" width=\"182\" height=\"30\" srcset=\"https:\/\/siegfriedundsohn.de\/wp-content\/uploads\/2017\/04\/safholland-300x50.png 300w, https:\/\/siegfriedundsohn.de\/wp-content\/uploads\/2017\/04\/safholland.png 327w\" sizes=\"(max-width: 182px) 100vw, 182px\" \/><\/a><\/p>\n","protected":false},"excerpt":{"rendered":"<p>Reparaturen und Serviceleistungen Reparatur u. Wartung an LKW, Anh\u00e4ngern, Auflieger und Kleintransporter Um und Ausbauten von Aufbauten z.b. Alt auf Neufahrzeug, Spezialaufbauten Einbau von Kompressoren und Hydraulikanlagen Instandsetzung von Unfallsch\u00e4den (LKW, Anh\u00e4nger, Auflieger)Reifenservice Planen Service Ersatzteilverkauf Bremsen Service Klima Service &hellip; <a href=\"https:\/\/siegfriedundsohn.de\/?page_id=14\">Weiter<\/a><\/p>\n","protected":false},"author":1,"featured_media":0,"parent":0,"menu_order":0,"comment_status":"closed","ping_status":"closed","template":"","meta":{"footnotes":""},"class_list":["post-14","page","type-page","status-publish","hentry"],"_links":{"self":[{"href":"https:\/\/siegfriedundsohn.de\/index.php?rest_route=\/wp\/v2\/pages\/14","targetHints":{"allow":["GET"]}}],"collection":[{"href":"https:\/\/siegfriedundsohn.de\/index.php?rest_route=\/wp\/v2\/pages"}],"about":[{"href":"https:\/\/siegfriedundsohn.de\/index.php?rest_route=\/wp\/v2\/types\/page"}],"author":[{"embeddable":true,"href":"https:\/\/siegfriedundsohn.de\/index.php?rest_route=\/wp\/v2\/users\/1"}],"replies":[{"embeddable":true,"href":"https:\/\/siegfriedundsohn.de\/index.php?rest_route=%2Fwp%2Fv2%2Fcomments&post=14"}],"version-history":[{"count":13,"href":"https:\/\/siegfriedundsohn.de\/index.php?rest_route=\/wp\/v2\/pages\/14\/revisions"}],"predecessor-version":[{"id":397,"href":"https:\/\/siegfriedundsohn.de\/index.php?rest_route=\/wp\/v2\/pages\/14\/revisions\/397"}],"wp:attachment":[{"href":"https:\/\/siegfriedundsohn.de\/index.php?rest_route=%2Fwp%2Fv2%2Fmedia&parent=14"}],"curies":[{"name":"wp","href":"https:\/\/api.w.org\/{rel}","templated":true}]}}