{"id":47,"date":"2017-04-26T09:29:54","date_gmt":"2017-04-26T07:29:54","guid":{"rendered":"http:\/\/design.siegfried-scania.de\/?page_id=47"},"modified":"2017-06-02T10:17:10","modified_gmt":"2017-06-02T10:17:10","slug":"feedback","status":"publish","type":"page","link":"https:\/\/siegfriedundsohn.de\/?page_id=47","title":{"rendered":"Feedback"},"content":{"rendered":"<p>Wir m\u00f6chten, dass Sie bei uns in guten H\u00e4nden sind \u2013 von Anfang an.<b> <\/b>Unsere Arbeit wollen wir daher stetig verbessern. Daf\u00fcr brauchen wir Ihre Meinung. Ihre Ideen und Anregungen, aber auch kleine \u00c4rgernisse oder gar Beschwerden m\u00f6chten wir erfahren. Sie m\u00f6chten uns etwas mitteilen? Bitte f\u00fcllen Sie unser Formular f\u00fcr Anregungen und Beschwerden aus. Ihre Mitteilung werden wir so schnell wie m\u00f6glich bearbeiten und beantworten.<\/p>\n\n<div class=\"wpcf7 no-js\" id=\"wpcf7-f242-o1\" lang=\"de-DE\" dir=\"ltr\" data-wpcf7-id=\"242\">\n<div class=\"screen-reader-response\"><p role=\"status\" aria-live=\"polite\" aria-atomic=\"true\"><\/p> <ul><\/ul><\/div>\n<form action=\"\/index.php?rest_route=%2Fwp%2Fv2%2Fpages%2F47#wpcf7-f242-o1\" method=\"post\" class=\"wpcf7-form init\" aria-label=\"Kontaktformular\" novalidate=\"novalidate\" data-status=\"init\">\n<fieldset class=\"hidden-fields-container\"><input type=\"hidden\" name=\"_wpcf7\" value=\"242\" \/><input type=\"hidden\" name=\"_wpcf7_version\" value=\"6.1.5\" \/><input type=\"hidden\" name=\"_wpcf7_locale\" value=\"de_DE\" \/><input type=\"hidden\" name=\"_wpcf7_unit_tag\" value=\"wpcf7-f242-o1\" \/><input type=\"hidden\" name=\"_wpcf7_container_post\" value=\"0\" \/><input type=\"hidden\" name=\"_wpcf7_posted_data_hash\" value=\"\" \/>\n<\/fieldset>\n<p><label> Ihr Name (Pflichtfeld)<br \/>\n<span class=\"wpcf7-form-control-wrap\" data-name=\"your-name\"><input size=\"40\" maxlength=\"400\" class=\"wpcf7-form-control wpcf7-text wpcf7-validates-as-required\" aria-required=\"true\" aria-invalid=\"false\" value=\"\" type=\"text\" name=\"your-name\" \/><\/span> <\/label>\n<\/p>\n<p><label> Ihre E-Mail-Adresse (Pflichtfeld)<br \/>\n<span class=\"wpcf7-form-control-wrap\" data-name=\"your-email\"><input size=\"40\" maxlength=\"400\" class=\"wpcf7-form-control wpcf7-email wpcf7-validates-as-required wpcf7-text wpcf7-validates-as-email\" aria-required=\"true\" aria-invalid=\"false\" value=\"\" type=\"email\" name=\"your-email\" \/><\/span> <\/label>\n<\/p>\n<p><label> Betreff<br \/>\n<span class=\"wpcf7-form-control-wrap\" data-name=\"your-subject\"><input size=\"40\" maxlength=\"400\" class=\"wpcf7-form-control wpcf7-text\" aria-invalid=\"false\" value=\"\" type=\"text\" name=\"your-subject\" \/><\/span> <\/label>\n<\/p>\n<p><label> Ihre Nachricht<br \/>\n<span class=\"wpcf7-form-control-wrap\" data-name=\"your-message\"><textarea cols=\"40\" rows=\"10\" maxlength=\"2000\" class=\"wpcf7-form-control wpcf7-textarea\" aria-invalid=\"false\" name=\"your-message\"><\/textarea><\/span> <\/label>\n<\/p>\n<p><input class=\"wpcf7-form-control wpcf7-submit has-spinner\" type=\"submit\" value=\"Senden\" \/>\n<\/p><div class=\"wpcf7-response-output\" aria-hidden=\"true\"><\/div>\n<\/form>\n<\/div>\n\n","protected":false},"excerpt":{"rendered":"<p>Wir m\u00f6chten, dass Sie bei uns in guten H\u00e4nden sind \u2013 von Anfang an. Unsere Arbeit wollen wir daher stetig verbessern. Daf\u00fcr brauchen wir Ihre Meinung. Ihre Ideen und Anregungen, aber auch kleine \u00c4rgernisse oder gar Beschwerden m\u00f6chten wir erfahren. &hellip; <a href=\"https:\/\/siegfriedundsohn.de\/?page_id=47\">Weiter<\/a><\/p>\n","protected":false},"author":1,"featured_media":0,"parent":0,"menu_order":0,"comment_status":"closed","ping_status":"closed","template":"","meta":{"footnotes":""},"class_list":["post-47","page","type-page","status-publish","hentry"],"_links":{"self":[{"href":"https:\/\/siegfriedundsohn.de\/index.php?rest_route=\/wp\/v2\/pages\/47","targetHints":{"allow":["GET"]}}],"collection":[{"href":"https:\/\/siegfriedundsohn.de\/index.php?rest_route=\/wp\/v2\/pages"}],"about":[{"href":"https:\/\/siegfriedundsohn.de\/index.php?rest_route=\/wp\/v2\/types\/page"}],"author":[{"embeddable":true,"href":"https:\/\/siegfriedundsohn.de\/index.php?rest_route=\/wp\/v2\/users\/1"}],"replies":[{"embeddable":true,"href":"https:\/\/siegfriedundsohn.de\/index.php?rest_route=%2Fwp%2Fv2%2Fcomments&post=47"}],"version-history":[{"count":1,"href":"https:\/\/siegfriedundsohn.de\/index.php?rest_route=\/wp\/v2\/pages\/47\/revisions"}],"predecessor-version":[{"id":243,"href":"https:\/\/siegfriedundsohn.de\/index.php?rest_route=\/wp\/v2\/pages\/47\/revisions\/243"}],"wp:attachment":[{"href":"https:\/\/siegfriedundsohn.de\/index.php?rest_route=%2Fwp%2Fv2%2Fmedia&parent=47"}],"curies":[{"name":"wp","href":"https:\/\/api.w.org\/{rel}","templated":true}]}}